{"id":931,"date":"2023-02-22T17:10:05","date_gmt":"2023-02-22T16:10:05","guid":{"rendered":"https:\/\/sucreas.fr\/?page_id=931"},"modified":"2025-01-07T13:01:09","modified_gmt":"2025-01-07T12:01:09","slug":"cgv","status":"publish","type":"page","link":"https:\/\/sucreas.fr\/?page_id=931","title":{"rendered":"CGV"},"content":{"rendered":"\n<p><strong>CGV<\/strong><\/p>\n\n\n\n<p><strong>Article 1: Tarifs&nbsp;<\/strong><\/p>\n\n\n\n<ul>\n<li>Les tarifs sont communiqu\u00e9s en Euro et en TTC , TVA non applicable, art 293 B du CGI.<\/li>\n\n\n\n<li>Les tarifs sont d\u00e9termin\u00e9s sur devis.<\/li>\n\n\n\n<li>La soci\u00e9t\u00e9 SUCREAS se r\u00e9serve le droit de modifier ses prix \u00e0 tout moment , sauf sur les commandes d\u00e9j\u00e0 valid\u00e9es.<\/li>\n<\/ul>\n\n\n\n<p><strong>Article 2 : Demande de devis&nbsp;<\/strong><\/p>\n\n\n\n<ul>\n<li>Pour \u00e9tablir un devis il faut contacter directement Sucr\u00e9as via SMS , mail ou r\u00e9seaux sociaux (messenger, Instagram).<\/li>\n\n\n\n<li>Le nombre de parts est de minimum 10 parts pour g\u00e2teau sans \u00e9tage , 25 parts pour un \u00e9tage.<\/li>\n\n\n\n<li>Les commandes sont \u00e0 passer au minimum 10 jours avant votre \u00e9v\u00e9nement sous r\u00e9serve de disponibilit\u00e9. Durant les p\u00e9riodes charg\u00e9es sucr\u00e9as est parfois complet jusqu\u2019\u00e0 1 mois \u00e0 l\u2019avance , n\u2019h\u00e9sitez pas de ce fait \u00e0 passer commande d\u00e8s que possible.<\/li>\n\n\n\n<li>Toute modification de devis peut donner lieu \u00e0 une facturation suppl\u00e9mentaire <\/li>\n<\/ul>\n\n\n\n<p><strong>Article 3 : Valider une commande<\/strong><\/p>\n\n\n\n<p>Pour valider votre commande un acompte de minimum 50% vous sera demand\u00e9 , vous pourrez le r\u00e9gler via virement bancaire, paypal ou en esp\u00e8ces au laboratoire.<\/p>\n\n\n\n<p><strong>Attention sans acompte aucune commande ne sera valid\u00e9e ni r\u00e9serv\u00e9e<\/strong>.<\/p>\n\n\n\n<p>L\u2019acompte est \u00e0 r\u00e9gler 24\/48h suivant le devis sinon il faudra demander \u00e0 nouveau un devis et les disponibilit\u00e9s.<\/p>\n\n\n\n<p>Une commande ne peut \u00eatre modifi\u00e9e apr\u00e8s validation de celle ci ou peut donner lieu \u00e0 une facturation suppl\u00e9mentaire <\/p>\n\n\n\n<p><\/p>\n\n\n\n<p><strong>Article 4 : Acompte&nbsp;<\/strong><\/p>\n\n\n\n<p>En cas d\u2019annulation de la commande par le client, hormis en cas de force majeure, <strong>l\u2019acompte vers\u00e9 \u00e0 la commande sera de plein droit acquis au prestataire et ne pourra donner lieu \u00e0 un quelconque remboursement<\/strong>.<\/p>\n\n\n\n<p>En cas d\u2019annulation de la part de Sucr\u00e9as , l\u2019acompte sera rembours\u00e9 dans son int\u00e9gralit\u00e9 sous un d\u00e9lais de 10 jours ouvr\u00e9s .\u00a0<\/p>\n\n\n\n<p><strong>Article 5 : Paiement du solde<\/strong><\/p>\n\n\n\n<p>Le solde de votre commande est \u00e0 r\u00e9gler soit sur place lorsque vous viendrez chercher votre commande en ch\u00e8que , esp\u00e8ces, ou paypal , soit 2-3 jours avant via virement bancaire ou paypal.<\/p>\n\n\n\n<p><strong>Aucune commande ne sera d\u00e9livr\u00e9e sans que la totalit\u00e9&nbsp;du paiement ne soit r\u00e9gl\u00e9e<\/strong>.<\/p>\n\n\n\n<p><strong>Article 6 : retrait de commande<\/strong>&nbsp;<\/p>\n\n\n\n<p>\u2022 Lieu : Vos commandes sont \u00e0 retirer directement au laboratoire au 294 route d\u2019outtersteene Meteren.<\/p>\n\n\n\n<p>\u2022 Jour : Vos commandes sont \u00e0 retirer du vendredi midi\/ d\u00e9but d\u2019apr\u00e8s midi ou du samedi matin.\u00a0<\/p>\n\n\n\n<p>\u2022 Horaire : Quelques jours avant nous prendrons contact pour choisir votre horaire , Sucr\u00e9as fera en sorte que vous puissiez choisir l\u2019horaire qui vous arrange le mieux pour \u00e9viter tout retard.<\/p>\n\n\n\n<p>Il est imp\u00e9ratif de respecter votre horaire pour l\u2019organisation et le respect des autres clients.&nbsp;<\/p>\n\n\n\n<p>Le g\u00e2teau vous est remis sous boites alimentaires pr\u00e9vues \u00e0 cet effet.&nbsp;<\/p>\n\n\n\n<p><strong>Sucr\u00e9as n\u2019est plus responsable de la commande d\u00e8s lorsque cette derni\u00e8re est entre vos mains.<\/strong><\/p>\n\n\n\n<p><strong>Article 7 : conservation\u00a0<\/strong><\/p>\n\n\n\n<p>Tous les g\u00e2teaux et mignardises sont \u00e0 conserver au r\u00e9frig\u00e9rateur non humide , hors biscuits qui sont eux \u00e0 conserver dans leur bo\u00eete \u00e0 temp\u00e9rature ambiante\u00a0.<\/p>\n\n\n\n<p>Il est recommand\u00e9 que vos g\u00e2teaux soient consomm\u00e9s sous 48H , macarons 3 jours et biscuits 6 jours . Plus la d\u00e9gustation est tardive plus vos douceurs perdront en saveur.<\/p>\n\n\n\n<p>La soci\u00e9t\u00e9 sucr\u00e9as ne pourra \u00eatre tenue pour responsable des cons\u00e9quences ou \u00e9ventuel pr\u00e9judice caus\u00e9 si la commande a \u00e9t\u00e9 mal conserv\u00e9 ou d\u00e9t\u00e9rior\u00e9 apr\u00e8s la r\u00e9ception de cette derni\u00e8re <\/p>\n\n\n\n<p><strong>Article 8 : Cr\u00e9ation<\/strong> <\/p>\n\n\n\n<p>En passant commande aupr\u00e8s de Sucr\u00e9as le client accepte que sa commande est une cr\u00e9ation artistique et que donc Sucr\u00e9as se r\u00e9serve le droit d\u2019apporter des modifications si elle en juge n\u00e9cessaire <\/p>\n\n\n\n<p><strong>En cas de litige : tribunale de commerce de Lille M\u00e9tropole<\/strong><\/p>\n\n\n\n<p><strong>Soci\u00e9t\u00e9 : Jenny VELDEMAN<\/strong> <\/p>\n\n\n\n<p><strong>Nom commercial : Sucr\u00e9as<\/strong><\/p>\n\n\n\n<p><strong>Num\u00e9ro de Siren 898028303<\/strong><\/p>\n\n\n\n<p><strong>Adresse : 294 route d\u2019Outtersteene 59270 M\u00e9teren <\/strong><\/p>\n\n\n\n<p>Assurance : 100% pro artisans commer\u00e7ants N\u00b053660085 GENERALI Deledalle Assurances SA 6 rue de la poste 59100 Roubaix<\/p>\n","protected":false},"excerpt":{"rendered":"<p>CGV Article 1: Tarifs&nbsp; Article 2 : Demande de devis&nbsp; Article 3 : Valider une commande Pour valider votre commande un acompte de minimum 50% vous sera demand\u00e9 , vous pourrez le r\u00e9gler via virement bancaire, paypal ou en esp\u00e8ces au laboratoire. Attention sans acompte aucune commande ne sera valid\u00e9e ni r\u00e9serv\u00e9e. L\u2019acompte est \u00e0 &hellip; <\/p>\n","protected":false},"author":1,"featured_media":0,"parent":0,"menu_order":0,"comment_status":"closed","ping_status":"closed","template":"","meta":[],"_links":{"self":[{"href":"https:\/\/sucreas.fr\/index.php?rest_route=\/wp\/v2\/pages\/931"}],"collection":[{"href":"https:\/\/sucreas.fr\/index.php?rest_route=\/wp\/v2\/pages"}],"about":[{"href":"https:\/\/sucreas.fr\/index.php?rest_route=\/wp\/v2\/types\/page"}],"author":[{"embeddable":true,"href":"https:\/\/sucreas.fr\/index.php?rest_route=\/wp\/v2\/users\/1"}],"replies":[{"embeddable":true,"href":"https:\/\/sucreas.fr\/index.php?rest_route=%2Fwp%2Fv2%2Fcomments&post=931"}],"version-history":[{"count":5,"href":"https:\/\/sucreas.fr\/index.php?rest_route=\/wp\/v2\/pages\/931\/revisions"}],"predecessor-version":[{"id":2016,"href":"https:\/\/sucreas.fr\/index.php?rest_route=\/wp\/v2\/pages\/931\/revisions\/2016"}],"wp:attachment":[{"href":"https:\/\/sucreas.fr\/index.php?rest_route=%2Fwp%2Fv2%2Fmedia&parent=931"}],"curies":[{"name":"wp","href":"https:\/\/api.w.org\/{rel}","templated":true}]}}